{"id":6684,"date":"2019-03-01T12:33:15","date_gmt":"2019-03-01T12:33:15","guid":{"rendered":"https:\/\/demo.goodlayers.com\/attorna\/?page_id=6684"},"modified":"2020-12-17T00:35:09","modified_gmt":"2020-12-17T00:35:09","slug":"family-law","status":"publish","type":"page","link":"https:\/\/vicwulaw.com\/vn\/family-law\/","title":{"rendered":"Lu\u1eadt H\u00f4n nh\u00e2n v\u00e0 gia \u0111\u00ecnh"},"content":{"rendered":"","protected":false},"excerpt":{"rendered":"","protected":false},"author":1,"featured_media":0,"parent":0,"menu_order":0,"comment_status":"closed","ping_status":"closed","template":"","meta":[],"_links":{"self":[{"href":"https:\/\/vicwulaw.com\/vn\/wp-json\/wp\/v2\/pages\/6684"}],"collection":[{"href":"https:\/\/vicwulaw.com\/vn\/wp-json\/wp\/v2\/pages"}],"about":[{"href":"https:\/\/vicwulaw.com\/vn\/wp-json\/wp\/v2\/types\/page"}],"author":[{"embeddable":true,"href":"https:\/\/vicwulaw.com\/vn\/wp-json\/wp\/v2\/users\/1"}],"replies":[{"embeddable":true,"href":"https:\/\/vicwulaw.com\/vn\/wp-json\/wp\/v2\/comments?post=6684"}],"version-history":[{"count":5,"href":"https:\/\/vicwulaw.com\/vn\/wp-json\/wp\/v2\/pages\/6684\/revisions"}],"predecessor-version":[{"id":7564,"href":"https:\/\/vicwulaw.com\/vn\/wp-json\/wp\/v2\/pages\/6684\/revisions\/7564"}],"wp:attachment":[{"href":"https:\/\/vicwulaw.com\/vn\/wp-json\/wp\/v2\/media?parent=6684"}],"curies":[{"name":"wp","href":"https:\/\/api.w.org\/{rel}","templated":true}]}}